{"id":4017,"date":"2014-10-20T22:21:54","date_gmt":"2014-10-20T20:21:54","guid":{"rendered":"http:\/\/invention-center.de\/kontakt\/"},"modified":"2023-08-07T17:34:51","modified_gmt":"2023-08-07T15:34:51","slug":"contact","status":"publish","type":"page","link":"https:\/\/invention-center.de\/en\/contact\/","title":{"rendered":"Contact"},"content":{"rendered":"<div class=\"wpb-content-wrapper\"><p>[vc_row section=&#8221;yes&#8221;][vc_column][vc_row_inner][vc_column_inner]<div class=\"wp-caption alignnone\"> <img decoding=\"async\" src=\" https:\/\/invention-center.de\/wp-content\/uploads\/sites\/1\/2019\/05\/1608_Campus-Melaten_West-555x175.jpg \"  width=\"555\" class=\"\" title=\"1608_Campus-Melaten_West-555x175 Contact  \" alt=\"1608_Campus-Melaten_West-555x175  \" data-anim-type=\"\" \/> <p class=\"wp-caption-text\">\u00a9Campus GmbH, Steindl <\/p> <\/div>[vc_empty_space height=&#8221;80px&#8221;][vc_column_text]\n<h4>Address<\/h4>\n<p>Invention Center<br \/>\nCampus-Boulevard 30<br \/>\n52074 Aachen<\/p>\n<p>Telefon \u00a0<span class=\"ui-provider fy b c d e f g h i j k l m n o p q r s t u v w x y z ab ac ae af ag ah ai aj ak\" dir=\"ltr\">+49 241 945 774 80<\/span><br \/>\nEmail \u00a0 \u00a0 \u00a0<a href=\"mailto:inc@invention-center.de\">inc@invention-center.de<\/a>[\/vc_column_text]<a href=\"http:\/\/invention-center.de\/wp-content\/uploads\/sites\/1\/2014\/10\/INC-Anfahrtsbeschreibung-2.pdf\" class=\"btn btn-default mt-btn-empty-light btn-block\" target=\"_blank\" data-anim-type=\"\">Directions to Aachen<\/a>[\/vc_column_inner][\/vc_row_inner][\/vc_column][\/vc_row][vc_row][vc_column width=&#8221;1\/3&#8243;]<div class=\"BorlabsCookie _brlbs-cb-googlemaps\"><div class=\"_brlbs-content-blocker\"> <div class=\"_brlbs-embed _brlbs-google-maps\"> <img title=\"cb-maps Contact  \"decoding=\"async\" class=\"_brlbs-thumbnail\" src=\"https:\/\/invention-center.de\/wp-content\/plugins\/borlabs-cookie\/assets\/images\/cb-maps.png\" alt=\"cb-maps  \"> <div class=\"_brlbs-caption\"> <p>By loading the map you will be accepting Google's privacy policy.<br><a href=\"https:\/\/policies.google.com\/privacy\" target=\"_blank\" rel=\"nofollow noopener noreferrer\">Read more<\/a><\/p> <p><a class=\"_brlbs-btn\" href=\"#\" data-borlabs-cookie-unblock role=\"button\">Load map<\/a><\/p> <p><label><input type=\"checkbox\" name=\"unblockAll\" value=\"1\" checked> <small>Always unlock Google Maps<\/small><\/label><\/p> <\/div> <\/div> <\/div><div class=\"borlabs-hide\" data-borlabs-cookie-type=\"content-blocker\" data-borlabs-cookie-id=\"googlemaps\"><script type=\"text\/template\">PGRpdiBpZD0ibWFwLWNhbnZhcy00MDE3LTEiIGNsYXNzPSJnb29nbGVtYXAiIHN0eWxlPSJ3aWR0aDogMTAwJXB4OyBtYXgtd2lkdGg6MTAwJTsgaGVpZ2h0OiA0NTBweDsiPjwvZGl2PgoJCQk8c2NyaXB0IHR5cGU9InRleHQvamF2YXNjcmlwdCI+CgkJCQlqUXVlcnkoZG9jdW1lbnQpLnJlYWR5KGZ1bmN0aW9uKCQpIHsKCQkJCQkkKCIjbWFwLWNhbnZhcy00MDE3LTEiKS5nb01hcCh7IAoJCQkJCQltYXJrZXJzOiBbe2FkZHJlc3M6ICJDYW1wdXMtQm91bGV2YXJkIDMwLCA1MjA3NCBBYWNoZW4iLHRpdGxlOiAiQ2FtcHVzLUJvdWxldmFyZCAzMCwgNTIwNzQgQWFjaGVuIixpY29uOiAiaHR0cHM6Ly9pbnZlbnRpb24tY2VudGVyLmRlL3dwLWNvbnRlbnQvdXBsb2Fkcy9zaXRlcy8xLzIwMTQvMTAvbWFya2VyMS1lMTUyNjU2Mzk3MjExMi5wbmciLH0sXSwKCQkJCQkJem9vbTogMTIsCgkJCQkJCWljb246ICJodHRwczovL2ludmVudGlvbi1jZW50ZXIuZGUvd3AtY29udGVudC90aGVtZXMvY2FtcHVzMjAxOS9pbWFnZXMvbWFwLW1hcmtlci5wbmciLAoJCQkJCQltYXB0eXBlOiAiUk9BRE1BUCIsCgkJCQkJCXNjcm9sbHdoZWVsOiBmYWxzZSwKCQkJCQkJaGlkZUJ5Q2xpY2s6IHRydWUsIAoJCQkJCQlvbmVJbmZvV2luZG93OiBmYWxzZSwKCQkJCQl9KTsgCgkJCQl9KTsgCgkJCTwvc2NyaXB0Pg==<\/script><\/div><\/div>[\/vc_column][vc_column width=&#8221;1\/3&#8243;]<div class=\"BorlabsCookie _brlbs-cb-googlemaps\"><div class=\"_brlbs-content-blocker\"> <div class=\"_brlbs-embed _brlbs-google-maps\"> <img title=\"cb-maps Contact  \"decoding=\"async\" class=\"_brlbs-thumbnail\" src=\"https:\/\/invention-center.de\/wp-content\/plugins\/borlabs-cookie\/assets\/images\/cb-maps.png\" alt=\"cb-maps  \"> <div class=\"_brlbs-caption\"> <p>By loading the map you will be accepting Google's privacy policy.<br><a href=\"https:\/\/policies.google.com\/privacy\" target=\"_blank\" rel=\"nofollow noopener noreferrer\">Read more<\/a><\/p> <p><a class=\"_brlbs-btn\" href=\"#\" data-borlabs-cookie-unblock role=\"button\">Load map<\/a><\/p> <p><label><input type=\"checkbox\" name=\"unblockAll\" value=\"1\" checked> <small>Always unlock Google Maps<\/small><\/label><\/p> <\/div> <\/div> <\/div><div class=\"borlabs-hide\" data-borlabs-cookie-type=\"content-blocker\" data-borlabs-cookie-id=\"googlemaps\"><script type=\"text\/template\">PGRpdiBpZD0ibWFwLWNhbnZhcy00MDE3LTIiIGNsYXNzPSJnb29nbGVtYXAiIHN0eWxlPSJ3aWR0aDogMTAwJXB4OyBtYXgtd2lkdGg6MTAwJTsgaGVpZ2h0OiA0NTBweDsiPjwvZGl2PgoJCQk8c2NyaXB0IHR5cGU9InRleHQvamF2YXNjcmlwdCI+CgkJCQlqUXVlcnkoZG9jdW1lbnQpLnJlYWR5KGZ1bmN0aW9uKCQpIHsKCQkJCQkkKCIjbWFwLWNhbnZhcy00MDE3LTIiKS5nb01hcCh7IAoJCQkJCQltYXJrZXJzOiBbe2FkZHJlc3M6ICJGcmFua2VudGhhbGVyIFN0cmHDn2UgMjAgLyBSZ2IuLCA4MTUzOSBNdW5pY2giLHRpdGxlOiAiRnJhbmtlbnRoYWxlciBTdHJhw59lIDIwIC8gUmdiLiwgODE1MzkgTXVuaWNoIixpY29uOiAiaHR0cHM6Ly9pbnZlbnRpb24tY2VudGVyLmRlL3dwLWNvbnRlbnQvdXBsb2Fkcy9zaXRlcy8xLzIwMTQvMTAvbWFya2VyMS1lMTUyNjU2Mzk3MjExMi5wbmciLH0sXSwKCQkJCQkJem9vbTogMTIsCgkJCQkJCWljb246ICJodHRwczovL2ludmVudGlvbi1jZW50ZXIuZGUvd3AtY29udGVudC90aGVtZXMvY2FtcHVzMjAxOS9pbWFnZXMvbWFwLW1hcmtlci5wbmciLAoJCQkJCQltYXB0eXBlOiAiUk9BRE1BUCIsCgkJCQkJCXNjcm9sbHdoZWVsOiBmYWxzZSwKCQkJCQkJaGlkZUJ5Q2xpY2s6IHRydWUsIAoJCQkJCQlvbmVJbmZvV2luZG93OiBmYWxzZSwKCQkJCQl9KTsgCgkJCQl9KTsgCgkJCTwvc2NyaXB0Pg==<\/script><\/div><\/div>[\/vc_column][vc_column width=&#8221;1\/3&#8243;]<div class=\"BorlabsCookie _brlbs-cb-googlemaps\"><div class=\"_brlbs-content-blocker\"> <div class=\"_brlbs-embed _brlbs-google-maps\"> <img title=\"cb-maps Contact  \"decoding=\"async\" class=\"_brlbs-thumbnail\" src=\"https:\/\/invention-center.de\/wp-content\/plugins\/borlabs-cookie\/assets\/images\/cb-maps.png\" alt=\"cb-maps  \"> <div class=\"_brlbs-caption\"> <p>By loading the map you will be accepting Google's privacy policy.<br><a href=\"https:\/\/policies.google.com\/privacy\" target=\"_blank\" rel=\"nofollow noopener noreferrer\">Read more<\/a><\/p> <p><a class=\"_brlbs-btn\" href=\"#\" data-borlabs-cookie-unblock role=\"button\">Load map<\/a><\/p> <p><label><input type=\"checkbox\" name=\"unblockAll\" value=\"1\" checked> <small>Always unlock Google Maps<\/small><\/label><\/p> <\/div> <\/div> <\/div><div class=\"borlabs-hide\" data-borlabs-cookie-type=\"content-blocker\" data-borlabs-cookie-id=\"googlemaps\"><script type=\"text\/template\">PGRpdiBpZD0ibWFwLWNhbnZhcy00MDE3LTMiIGNsYXNzPSJnb29nbGVtYXAiIHN0eWxlPSJ3aWR0aDogMTAwJXB4OyBtYXgtd2lkdGg6MTAwJTsgaGVpZ2h0OiA0NTBweDsiPjwvZGl2PgoJCQk8c2NyaXB0IHR5cGU9InRleHQvamF2YXNjcmlwdCI+CgkJCQlqUXVlcnkoZG9jdW1lbnQpLnJlYWR5KGZ1bmN0aW9uKCQpIHsKCQkJCQkkKCIjbWFwLWNhbnZhcy00MDE3LTMiKS5nb01hcCh7IAoJCQkJCQltYXJrZXJzOiBbe2FkZHJlc3M6ICI3OCBUYXQgQ2hlZSBBdmVudWUsIEtvd2xvb24gVG9uZywgS293bG9vbiwgSG9uZyBLb25nIix0aXRsZTogIjc4IFRhdCBDaGVlIEF2ZW51ZSwgS293bG9vbiBUb25nLCBLb3dsb29uLCBIb25nIEtvbmciLGljb246ICJodHRwczovL2ludmVudGlvbi1jZW50ZXIuZGUvd3AtY29udGVudC91cGxvYWRzL3NpdGVzLzEvMjAxNC8xMC9tYXJrZXIxLWUxNTI2NTYzOTcyMTEyLnBuZyIsfSxdLAoJCQkJCQl6b29tOiAxMiwKCQkJCQkJaWNvbjogImh0dHBzOi8vaW52ZW50aW9uLWNlbnRlci5kZS93cC1jb250ZW50L3RoZW1lcy9jYW1wdXMyMDE5L2ltYWdlcy9tYXAtbWFya2VyLnBuZyIsCgkJCQkJCW1hcHR5cGU6ICJST0FETUFQIiwKCQkJCQkJc2Nyb2xsd2hlZWw6IGZhbHNlLAoJCQkJCQloaWRlQnlDbGljazogdHJ1ZSwgCgkJCQkJCW9uZUluZm9XaW5kb3c6IGZhbHNlLAoJCQkJCX0pOyAKCQkJCX0pOyAKCQkJPC9zY3JpcHQ+<\/script><\/div><\/div>[\/vc_column][\/vc_row]<\/p>\n<\/div>","protected":false},"excerpt":{"rendered":"<p>[vc_row section=&#8221;yes&#8221;][vc_column][vc_row_inner][vc_column_inner][vc_empty_space height=&#8221;80px&#8221;][vc_column_text] Address Invention Center Campus-Boulevard 30 52074 Aachen Telefon \u00a0+49 241 945 774 80 Email \u00a0 \u00a0 \u00a0inc@invention-center.de[\/vc_column_text][\/vc_column_inner][\/vc_row_inner][\/vc_column][\/vc_row][vc_row][vc_column width=&#8221;1\/3&#8243;][\/vc_column][vc_column width=&#8221;1\/3&#8243;][\/vc_column][vc_column width=&#8221;1\/3&#8243;][\/vc_column][\/vc_row]<\/p>\n","protected":false},"author":2,"featured_media":7876,"parent":0,"menu_order":6,"comment_status":"closed","ping_status":"closed","template":"template-sections.php","meta":{"footnotes":""},"class_list":["post-4017","page","type-page","status-publish","has-post-thumbnail","hentry","odd"],"acf":[],"yoast_head":"<!-- This site is optimized with the Yoast SEO plugin v25.4 - https:\/\/yoast.com\/wordpress\/plugins\/seo\/ -->\n<title>Contact | Invention Center<\/title>\n<meta name=\"robots\" content=\"index, follow, max-snippet:-1, max-image-preview:large, max-video-preview:-1\" \/>\n<link rel=\"canonical\" href=\"https:\/\/invention-center.de\/en\/contact\/\" \/>\n<meta property=\"og:locale\" content=\"en_US\" \/>\n<meta property=\"og:type\" content=\"article\" \/>\n<meta property=\"og:title\" content=\"Contact | Invention Center\" \/>\n<meta property=\"og:description\" content=\"[vc_row section=&#8221;yes&#8221;][vc_column][vc_row_inner][vc_column_inner][vc_empty_space height=&#8221;80px&#8221;][vc_column_text] Address Invention Center Campus-Boulevard 30 52074 Aachen Telefon \u00a0+49 241 945 774 80 Email \u00a0 \u00a0 \u00a0inc@invention-center.de[\/vc_column_text][\/vc_column_inner][\/vc_row_inner][\/vc_column][\/vc_row][vc_row][vc_column width=&#8221;1\/3&#8243;][\/vc_column][vc_column width=&#8221;1\/3&#8243;][\/vc_column][vc_column width=&#8221;1\/3&#8243;][\/vc_column][\/vc_row]\" \/>\n<meta property=\"og:url\" content=\"https:\/\/invention-center.de\/en\/contact\/\" \/>\n<meta property=\"og:site_name\" content=\"Invention Center\" \/>\n<meta property=\"article:modified_time\" content=\"2023-08-07T15:34:51+00:00\" \/>\n<meta property=\"og:image\" content=\"https:\/\/invention-center.de\/wp-content\/uploads\/sites\/1\/2019\/05\/Cluster-Produktionstechnik\u00a9Campus-GmbH_Maren-Richter-Photography-1024x359.jpg\" \/>\n\t<meta property=\"og:image:width\" content=\"1024\" \/>\n\t<meta property=\"og:image:height\" content=\"359\" \/>\n\t<meta property=\"og:image:type\" content=\"image\/jpeg\" \/>\n<meta name=\"twitter:card\" content=\"summary_large_image\" \/>\n<meta name=\"twitter:label1\" content=\"Est. reading time\" \/>\n\t<meta name=\"twitter:data1\" content=\"1 minute\" \/>\n<script type=\"application\/ld+json\" class=\"yoast-schema-graph\">{\"@context\":\"https:\/\/schema.org\",\"@graph\":[{\"@type\":\"WebPage\",\"@id\":\"https:\/\/invention-center.de\/en\/contact\/\",\"url\":\"https:\/\/invention-center.de\/en\/contact\/\",\"name\":\"Contact | Invention Center\",\"isPartOf\":{\"@id\":\"https:\/\/invention-center.de\/#website\"},\"primaryImageOfPage\":{\"@id\":\"https:\/\/invention-center.de\/en\/contact\/#primaryimage\"},\"image\":{\"@id\":\"https:\/\/invention-center.de\/en\/contact\/#primaryimage\"},\"thumbnailUrl\":\"https:\/\/invention-center.de\/wp-content\/uploads\/sites\/1\/2019\/05\/Cluster-Produktionstechnik\u00a9Campus-GmbH_Maren-Richter-Photography.jpg\",\"datePublished\":\"2014-10-20T20:21:54+00:00\",\"dateModified\":\"2023-08-07T15:34:51+00:00\",\"breadcrumb\":{\"@id\":\"https:\/\/invention-center.de\/en\/contact\/#breadcrumb\"},\"inLanguage\":\"en-US\",\"potentialAction\":[{\"@type\":\"ReadAction\",\"target\":[\"https:\/\/invention-center.de\/en\/contact\/\"]}]},{\"@type\":\"ImageObject\",\"inLanguage\":\"en-US\",\"@id\":\"https:\/\/invention-center.de\/en\/contact\/#primaryimage\",\"url\":\"https:\/\/invention-center.de\/wp-content\/uploads\/sites\/1\/2019\/05\/Cluster-Produktionstechnik\u00a9Campus-GmbH_Maren-Richter-Photography.jpg\",\"contentUrl\":\"https:\/\/invention-center.de\/wp-content\/uploads\/sites\/1\/2019\/05\/Cluster-Produktionstechnik\u00a9Campus-GmbH_Maren-Richter-Photography.jpg\",\"width\":6016,\"height\":2111,\"caption\":\"\u00a9Campus GmbH, Maren Richter Photography\"},{\"@type\":\"BreadcrumbList\",\"@id\":\"https:\/\/invention-center.de\/en\/contact\/#breadcrumb\",\"itemListElement\":[{\"@type\":\"ListItem\",\"position\":1,\"name\":\"Startseite\",\"item\":\"https:\/\/invention-center.de\/en\/\"},{\"@type\":\"ListItem\",\"position\":2,\"name\":\"Contact\"}]},{\"@type\":\"WebSite\",\"@id\":\"https:\/\/invention-center.de\/#website\",\"url\":\"https:\/\/invention-center.de\/\",\"name\":\"Invention Center\",\"description\":\"Das Invention Center unterst\u00fctzt Sie Ihre Produkt- und Gesch\u00e4ftsmodelle neu zu definieren und schneller zum Markterfolg zu f\u00fchren.\",\"publisher\":{\"@id\":\"https:\/\/invention-center.de\/#organization\"},\"potentialAction\":[{\"@type\":\"SearchAction\",\"target\":{\"@type\":\"EntryPoint\",\"urlTemplate\":\"https:\/\/invention-center.de\/?s={search_term_string}\"},\"query-input\":{\"@type\":\"PropertyValueSpecification\",\"valueRequired\":true,\"valueName\":\"search_term_string\"}}],\"inLanguage\":\"en-US\"},{\"@type\":\"Organization\",\"@id\":\"https:\/\/invention-center.de\/#organization\",\"name\":\"INC Invention Center\",\"url\":\"https:\/\/invention-center.de\/\",\"logo\":{\"@type\":\"ImageObject\",\"inLanguage\":\"en-US\",\"@id\":\"https:\/\/invention-center.de\/#\/schema\/logo\/image\/\",\"url\":\"https:\/\/invention-center.de\/wp-content\/uploads\/sites\/1\/2014\/10\/logo-inc.jpg\",\"contentUrl\":\"https:\/\/invention-center.de\/wp-content\/uploads\/sites\/1\/2014\/10\/logo-inc.jpg\",\"width\":231,\"height\":87,\"caption\":\"INC Invention Center\"},\"image\":{\"@id\":\"https:\/\/invention-center.de\/#\/schema\/logo\/image\/\"},\"sameAs\":[\"https:\/\/www.linkedin.com\/showcase\/inc-invention-center\",\"https:\/\/www.youtube.com\/channel\/UCqtm85p7WOjVpWKmdzFYVeg\"]}]}<\/script>\n<!-- \/ Yoast SEO plugin. -->","yoast_head_json":{"title":"Contact | Invention Center","robots":{"index":"index","follow":"follow","max-snippet":"max-snippet:-1","max-image-preview":"max-image-preview:large","max-video-preview":"max-video-preview:-1"},"canonical":"https:\/\/invention-center.de\/en\/contact\/","og_locale":"en_US","og_type":"article","og_title":"Contact | Invention Center","og_description":"[vc_row section=&#8221;yes&#8221;][vc_column][vc_row_inner][vc_column_inner][vc_empty_space height=&#8221;80px&#8221;][vc_column_text] Address Invention Center Campus-Boulevard 30 52074 Aachen Telefon \u00a0+49 241 945 774 80 Email \u00a0 \u00a0 \u00a0inc@invention-center.de[\/vc_column_text][\/vc_column_inner][\/vc_row_inner][\/vc_column][\/vc_row][vc_row][vc_column width=&#8221;1\/3&#8243;][\/vc_column][vc_column width=&#8221;1\/3&#8243;][\/vc_column][vc_column width=&#8221;1\/3&#8243;][\/vc_column][\/vc_row]","og_url":"https:\/\/invention-center.de\/en\/contact\/","og_site_name":"Invention Center","article_modified_time":"2023-08-07T15:34:51+00:00","og_image":[{"width":1024,"height":359,"url":"https:\/\/invention-center.de\/wp-content\/uploads\/sites\/1\/2019\/05\/Cluster-Produktionstechnik\u00a9Campus-GmbH_Maren-Richter-Photography-1024x359.jpg","type":"image\/jpeg"}],"twitter_card":"summary_large_image","twitter_misc":{"Est. reading time":"1 minute"},"schema":{"@context":"https:\/\/schema.org","@graph":[{"@type":"WebPage","@id":"https:\/\/invention-center.de\/en\/contact\/","url":"https:\/\/invention-center.de\/en\/contact\/","name":"Contact | Invention Center","isPartOf":{"@id":"https:\/\/invention-center.de\/#website"},"primaryImageOfPage":{"@id":"https:\/\/invention-center.de\/en\/contact\/#primaryimage"},"image":{"@id":"https:\/\/invention-center.de\/en\/contact\/#primaryimage"},"thumbnailUrl":"https:\/\/invention-center.de\/wp-content\/uploads\/sites\/1\/2019\/05\/Cluster-Produktionstechnik\u00a9Campus-GmbH_Maren-Richter-Photography.jpg","datePublished":"2014-10-20T20:21:54+00:00","dateModified":"2023-08-07T15:34:51+00:00","breadcrumb":{"@id":"https:\/\/invention-center.de\/en\/contact\/#breadcrumb"},"inLanguage":"en-US","potentialAction":[{"@type":"ReadAction","target":["https:\/\/invention-center.de\/en\/contact\/"]}]},{"@type":"ImageObject","inLanguage":"en-US","@id":"https:\/\/invention-center.de\/en\/contact\/#primaryimage","url":"https:\/\/invention-center.de\/wp-content\/uploads\/sites\/1\/2019\/05\/Cluster-Produktionstechnik\u00a9Campus-GmbH_Maren-Richter-Photography.jpg","contentUrl":"https:\/\/invention-center.de\/wp-content\/uploads\/sites\/1\/2019\/05\/Cluster-Produktionstechnik\u00a9Campus-GmbH_Maren-Richter-Photography.jpg","width":6016,"height":2111,"caption":"\u00a9Campus GmbH, Maren Richter Photography"},{"@type":"BreadcrumbList","@id":"https:\/\/invention-center.de\/en\/contact\/#breadcrumb","itemListElement":[{"@type":"ListItem","position":1,"name":"Startseite","item":"https:\/\/invention-center.de\/en\/"},{"@type":"ListItem","position":2,"name":"Contact"}]},{"@type":"WebSite","@id":"https:\/\/invention-center.de\/#website","url":"https:\/\/invention-center.de\/","name":"Invention Center","description":"Das Invention Center unterst\u00fctzt Sie Ihre Produkt- und Gesch\u00e4ftsmodelle neu zu definieren und schneller zum Markterfolg zu f\u00fchren.","publisher":{"@id":"https:\/\/invention-center.de\/#organization"},"potentialAction":[{"@type":"SearchAction","target":{"@type":"EntryPoint","urlTemplate":"https:\/\/invention-center.de\/?s={search_term_string}"},"query-input":{"@type":"PropertyValueSpecification","valueRequired":true,"valueName":"search_term_string"}}],"inLanguage":"en-US"},{"@type":"Organization","@id":"https:\/\/invention-center.de\/#organization","name":"INC Invention Center","url":"https:\/\/invention-center.de\/","logo":{"@type":"ImageObject","inLanguage":"en-US","@id":"https:\/\/invention-center.de\/#\/schema\/logo\/image\/","url":"https:\/\/invention-center.de\/wp-content\/uploads\/sites\/1\/2014\/10\/logo-inc.jpg","contentUrl":"https:\/\/invention-center.de\/wp-content\/uploads\/sites\/1\/2014\/10\/logo-inc.jpg","width":231,"height":87,"caption":"INC Invention Center"},"image":{"@id":"https:\/\/invention-center.de\/#\/schema\/logo\/image\/"},"sameAs":["https:\/\/www.linkedin.com\/showcase\/inc-invention-center","https:\/\/www.youtube.com\/channel\/UCqtm85p7WOjVpWKmdzFYVeg"]}]}},"_links":{"self":[{"href":"https:\/\/invention-center.de\/en\/wp-json\/wp\/v2\/pages\/4017","targetHints":{"allow":["GET"]}}],"collection":[{"href":"https:\/\/invention-center.de\/en\/wp-json\/wp\/v2\/pages"}],"about":[{"href":"https:\/\/invention-center.de\/en\/wp-json\/wp\/v2\/types\/page"}],"author":[{"embeddable":true,"href":"https:\/\/invention-center.de\/en\/wp-json\/wp\/v2\/users\/2"}],"replies":[{"embeddable":true,"href":"https:\/\/invention-center.de\/en\/wp-json\/wp\/v2\/comments?post=4017"}],"version-history":[{"count":12,"href":"https:\/\/invention-center.de\/en\/wp-json\/wp\/v2\/pages\/4017\/revisions"}],"predecessor-version":[{"id":11988,"href":"https:\/\/invention-center.de\/en\/wp-json\/wp\/v2\/pages\/4017\/revisions\/11988"}],"wp:featuredmedia":[{"embeddable":true,"href":"https:\/\/invention-center.de\/en\/wp-json\/wp\/v2\/media\/7876"}],"wp:attachment":[{"href":"https:\/\/invention-center.de\/en\/wp-json\/wp\/v2\/media?parent=4017"}],"curies":[{"name":"wp","href":"https:\/\/api.w.org\/{rel}","templated":true}]}}